{"id":16110,"date":"2018-04-23T23:13:48","date_gmt":"2018-04-23T23:13:48","guid":{"rendered":"http:\/\/ersel.zemindigital.com\/?page_id=16110"},"modified":"2018-05-27T23:55:38","modified_gmt":"2018-05-27T23:55:38","slug":"arac-tasima-romorklari","status":"publish","type":"page","link":"https:\/\/www.ersel.tc\/en\/urunlerimiz\/arac-tasima-romorklari\/","title":{"rendered":"Vehicle Transport Trailer"},"content":{"rendered":"<p><\/p>\n<p>[vc_row bg_color=&#8221;#ffffff&#8221; text_align=&#8221;center&#8221; top_padding=&#8221;60&#8243; bottom_padding=&#8221;60&#8243;][vc_column width=&#8221;1\/1&#8243;]<h2 class=\"headline font-special fontsize-m fontweight-600 lh-inherit align-center transform-inherit \" style=\" color: #303030;\">AT27 Series<\/h2>[\/vc_column][\/vc_row][vc_row bottom_padding=&#8221;30&#8243;][vc_column width=&#8221;1\/2&#8243;]<div class=\"single_image wpb_content_element align-left  image_box_border image_opacity \" data-animation=\"none\" data-delay=\"0\"><a href=\"https:\/\/www.ersel.tc\/wp-content\/uploads\/2018\/04\/Ara\u00e7-Ta\u015f\u0131ma-1.jpg\" class=\"prettyPhoto\" rel=\"prettyPhoto[image]\"><img width=\"800\" height=\"368\" src=\"https:\/\/www.ersel.tc\/wp-content\/uploads\/2018\/04\/Ara\u00e7-Ta\u015f\u0131ma-1.jpg\" class=\"attachment-full\" alt=\"\" loading=\"lazy\" srcset=\"https:\/\/www.ersel.tc\/wp-content\/uploads\/2018\/04\/Ara\u00e7-Ta\u015f\u0131ma-1.jpg 800w, https:\/\/www.ersel.tc\/wp-content\/uploads\/2018\/04\/Ara\u00e7-Ta\u015f\u0131ma-1-300x138.jpg 300w, https:\/\/www.ersel.tc\/wp-content\/uploads\/2018\/04\/Ara\u00e7-Ta\u015f\u0131ma-1-768x353.jpg 768w\" sizes=\"(max-width: 800px) 100vw, 800px\" \/><\/a><\/div>[\/vc_column][vc_column width=&#8221;1\/2&#8243;][vc_row_inner][vc_column_inner width=&#8221;1\/2&#8243;]<div class=\"single_image wpb_content_element align-left   image_opacity \" data-animation=\"none\" data-delay=\"0\"><a href=\"https:\/\/www.ersel.tc\/wp-content\/uploads\/2018\/04\/Ara\u00e7-Ta\u015f\u0131ma-2.jpg\" class=\"prettyPhoto\" rel=\"prettyPhoto[image]\"><img width=\"600\" height=\"383\" src=\"https:\/\/www.ersel.tc\/wp-content\/uploads\/2018\/04\/Ara\u00e7-Ta\u015f\u0131ma-2.jpg\" class=\"attachment-full\" alt=\"\" loading=\"lazy\" srcset=\"https:\/\/www.ersel.tc\/wp-content\/uploads\/2018\/04\/Ara\u00e7-Ta\u015f\u0131ma-2.jpg 600w, https:\/\/www.ersel.tc\/wp-content\/uploads\/2018\/04\/Ara\u00e7-Ta\u015f\u0131ma-2-300x192.jpg 300w\" sizes=\"(max-width: 600px) 100vw, 600px\" \/><\/a><\/div>[\/vc_column_inner][vc_column_inner width=&#8221;1\/2&#8243;]<div class=\"single_image wpb_content_element align-left   image_opacity \" data-animation=\"none\" data-delay=\"0\"><a href=\"https:\/\/www.ersel.tc\/wp-content\/uploads\/2018\/04\/Ara\u00e7-Ta\u015f\u0131ma-3.jpg\" class=\"prettyPhoto\" rel=\"prettyPhoto[image]\"><img width=\"600\" height=\"388\" src=\"https:\/\/www.ersel.tc\/wp-content\/uploads\/2018\/04\/Ara\u00e7-Ta\u015f\u0131ma-3.jpg\" class=\"attachment-full\" alt=\"\" loading=\"lazy\" srcset=\"https:\/\/www.ersel.tc\/wp-content\/uploads\/2018\/04\/Ara\u00e7-Ta\u015f\u0131ma-3.jpg 600w, https:\/\/www.ersel.tc\/wp-content\/uploads\/2018\/04\/Ara\u00e7-Ta\u015f\u0131ma-3-300x194.jpg 300w\" sizes=\"(max-width: 600px) 100vw, 600px\" \/><\/a><\/div>[\/vc_column_inner][\/vc_row_inner][\/vc_column][\/vc_row][vc_row bg_color=&#8221;#ffffff&#8221; text_align=&#8221;center&#8221; top_padding=&#8221;0&#8243; bottom_padding=&#8221;0&#8243;][vc_column width=&#8221;1\/1&#8243;]<div class=\"divider divider3\" ><\/div>[\/vc_column][\/vc_row][vc_row bg_color=&#8221;#ffffff&#8221; text_align=&#8221;center&#8221; top_padding=&#8221;30&#8243; bottom_padding=&#8221;60&#8243;][vc_column width=&#8221;1\/1&#8243;]<h2 class=\"headline font-special fontsize-m fontweight-600 lh-inherit align-center transform-inherit \" style=\" color: #303030;\">UTs Series<\/h2>[\/vc_column][\/vc_row][vc_row bottom_padding=&#8221;70&#8243;][vc_column width=&#8221;1\/2&#8243;]<div class=\"single_image wpb_content_element align-left  image_box_border image_opacity \" data-animation=\"none\" data-delay=\"0\"><a href=\"https:\/\/www.ersel.tc\/wp-content\/uploads\/2018\/04\/AT27-11.jpg\" class=\"prettyPhoto\" rel=\"prettyPhoto[image]\"><img width=\"724\" height=\"333\" src=\"https:\/\/www.ersel.tc\/wp-content\/uploads\/2018\/04\/AT27-11.jpg\" class=\"attachment-full\" alt=\"\" loading=\"lazy\" srcset=\"https:\/\/www.ersel.tc\/wp-content\/uploads\/2018\/04\/AT27-11.jpg 724w, https:\/\/www.ersel.tc\/wp-content\/uploads\/2018\/04\/AT27-11-300x138.jpg 300w\" sizes=\"(max-width: 724px) 100vw, 724px\" \/><\/a><\/div>[\/vc_column][vc_column width=&#8221;1\/2&#8243;][vc_row_inner][vc_column_inner width=&#8221;1\/2&#8243;]<div class=\"single_image wpb_content_element align-left   image_opacity \" data-animation=\"none\" data-delay=\"0\"><a href=\"https:\/\/www.ersel.tc\/wp-content\/uploads\/2018\/04\/AT27-12.jpg\" class=\"prettyPhoto\" rel=\"prettyPhoto[image]\"><img width=\"600\" height=\"320\" src=\"https:\/\/www.ersel.tc\/wp-content\/uploads\/2018\/04\/AT27-12.jpg\" class=\"attachment-full\" alt=\"\" loading=\"lazy\" srcset=\"https:\/\/www.ersel.tc\/wp-content\/uploads\/2018\/04\/AT27-12.jpg 600w, https:\/\/www.ersel.tc\/wp-content\/uploads\/2018\/04\/AT27-12-300x160.jpg 300w\" sizes=\"(max-width: 600px) 100vw, 600px\" \/><\/a><\/div>[\/vc_column_inner][vc_column_inner width=&#8221;1\/2&#8243;]<div class=\"single_image wpb_content_element align-left   image_opacity \" data-animation=\"none\" data-delay=\"0\"><a href=\"https:\/\/www.ersel.tc\/wp-content\/uploads\/2018\/04\/AT27-13.jpg\" class=\"prettyPhoto\" rel=\"prettyPhoto[image]\"><img width=\"600\" height=\"314\" src=\"https:\/\/www.ersel.tc\/wp-content\/uploads\/2018\/04\/AT27-13.jpg\" class=\"attachment-full\" alt=\"\" loading=\"lazy\" srcset=\"https:\/\/www.ersel.tc\/wp-content\/uploads\/2018\/04\/AT27-13.jpg 600w, https:\/\/www.ersel.tc\/wp-content\/uploads\/2018\/04\/AT27-13-300x157.jpg 300w\" sizes=\"(max-width: 600px) 100vw, 600px\" \/><\/a><\/div>[\/vc_column_inner][\/vc_row_inner][\/vc_column][\/vc_row][vc_row type=&#8221;full_width_section&#8221; bg_color=&#8221;#424242&#8243; text_color=&#8221;light&#8221; text_align=&#8221;center&#8221; top_padding=&#8221;70&#8243; bottom_padding=&#8221;70&#8243;][vc_column width=&#8221;1\/1&#8243;]<h5 class=\"headline font-inherit fontsize-xl fontweight-300 lh-inherit align-center transform-inherit \" style=\"margin: 0 0 20px 0;\">FOR MORE DETAILED INFORMATION ABOUT OUR PRODUCTS<\/h5><a href=\"\/iletisim\" target=\"_self\" class=\"button button-appear color-3 large \" style=\"border-radius: 2px;\"><span>CONTACT US<i class='fa fa-phone'><\/i><\/span><\/a>[\/vc_column][\/vc_row]<\/p>\n<p><\/p>","protected":false},"excerpt":{"rendered":"<p>[vc_row bg_color=&#8221;#ffffff&#8221; text_align=&#8221;center&#8221; top_padding=&#8221;60&#8243; bottom_padding=&#8221;60&#8243;][vc_column width=&#8221;1\/1&#8243;][\/vc_column][\/vc_row][vc_row bottom_padding=&#8221;30&#8243;][vc_column width=&#8221;1\/2&#8243;][\/vc_column][vc_column width=&#8221;1\/2&#8243;][vc_row_inner][vc_column_inner width=&#8221;1\/2&#8243;][\/vc_column_inner][vc_column_inner width=&#8221;1\/2&#8243;][\/vc_column_inner][\/vc_row_inner][\/vc_column][\/vc_row][vc_row bg_color=&#8221;#ffffff&#8221; text_align=&#8221;center&#8221; top_padding=&#8221;0&#8243; bottom_padding=&#8221;0&#8243;][vc_column width=&#8221;1\/1&#8243;][\/vc_column][\/vc_row][vc_row bg_color=&#8221;#ffffff&#8221; text_align=&#8221;center&#8221; top_padding=&#8221;30&#8243; bottom_padding=&#8221;60&#8243;][vc_column width=&#8221;1\/1&#8243;][\/vc_column][\/vc_row][vc_row bottom_padding=&#8221;70&#8243;][vc_column width=&#8221;1\/2&#8243;][\/vc_column][vc_column width=&#8221;1\/2&#8243;][vc_row_inner][vc_column_inner width=&#8221;1\/2&#8243;][\/vc_column_inner][vc_column_inner width=&#8221;1\/2&#8243;][\/vc_column_inner][\/vc_row_inner][\/vc_column][\/vc_row][vc_row type=&#8221;full_width_section&#8221; bg_color=&#8221;#424242&#8243; text_color=&#8221;light&#8221; text_align=&#8221;center&#8221; top_padding=&#8221;70&#8243; bottom_padding=&#8221;70&#8243;][vc_column width=&#8221;1\/1&#8243;][\/vc_column][\/vc_row]<\/p>\n","protected":false},"author":1,"featured_media":0,"parent":15863,"menu_order":0,"comment_status":"closed","ping_status":"closed","template":"","meta":{"spay_email":""},"_links":{"self":[{"href":"https:\/\/www.ersel.tc\/en\/wp-json\/wp\/v2\/pages\/16110"}],"collection":[{"href":"https:\/\/www.ersel.tc\/en\/wp-json\/wp\/v2\/pages"}],"about":[{"href":"https:\/\/www.ersel.tc\/en\/wp-json\/wp\/v2\/types\/page"}],"author":[{"embeddable":true,"href":"https:\/\/www.ersel.tc\/en\/wp-json\/wp\/v2\/users\/1"}],"replies":[{"embeddable":true,"href":"https:\/\/www.ersel.tc\/en\/wp-json\/wp\/v2\/comments?post=16110"}],"version-history":[{"count":3,"href":"https:\/\/www.ersel.tc\/en\/wp-json\/wp\/v2\/pages\/16110\/revisions"}],"predecessor-version":[{"id":16231,"href":"https:\/\/www.ersel.tc\/en\/wp-json\/wp\/v2\/pages\/16110\/revisions\/16231"}],"up":[{"embeddable":true,"href":"https:\/\/www.ersel.tc\/en\/wp-json\/wp\/v2\/pages\/15863"}],"wp:attachment":[{"href":"https:\/\/www.ersel.tc\/en\/wp-json\/wp\/v2\/media?parent=16110"}],"curies":[{"name":"wp","href":"https:\/\/api.w.org\/{rel}","templated":true}]}}