{"id":5050,"date":"2014-03-19T09:24:31","date_gmt":"2014-03-19T09:24:31","guid":{"rendered":"http:\/\/localhost:8888\/themes\/ventory\/?page_id=5050"},"modified":"2018-05-25T10:05:02","modified_gmt":"2018-05-25T10:05:02","slug":"iletisim","status":"publish","type":"page","link":"https:\/\/www.ersel.tc\/en\/iletisim\/","title":{"rendered":"Contact Us"},"content":{"rendered":"<p>[vc_row top_padding=&#8221;60&#8243; bg_position=&#8221;left top&#8221;][vc_column width=&#8221;1\/1&#8243;][vc_column_text]<iframe loading=\"lazy\" style=\"border: 0;\" src=\"https:\/\/www.google.com\/maps\/embed?pb=!1m18!1m12!1m3!1d16422.052853831156!2d29.18399344953137!3d40.89719273925144!2m3!1f0!2f0!3f0!3m2!1i1024!2i768!4f13.1!3m3!1m2!1s0x14cac49eb2826ecf%3A0xd7f03624fafd99fb!2sErsel+Teknoloji!5e0!3m2!1str!2str!4v1527242656808\" width=\"100%\" height=\"400\" frameborder=\"0\" allowfullscreen=\"allowfullscreen\"><\/iframe>[\/vc_column_text][\/vc_column][\/vc_row][vc_row bg_color=&#8221;#ffffff&#8221; section_arrow=&#8221;false&#8221; top_padding=&#8221;60&#8243; bottom_padding=&#8221;60&#8243; bg_position=&#8221;left top&#8221;][vc_column width=&#8221;1\/4&#8243;]<h3 class=\"headline font-special fontsize-m fontweight-700 lh-inherit align-left transform-uppercase \" style=\"margin: 0 0 20px 0;\">CONTACT US<\/h3>[vc_column_text]<strong>ERSEL TEKNOLOJ\u0130 <\/strong><strong>Sanayi Ve Ticaret Ltd. \u015eti.<\/strong><\/p>\n<p><strong>Adress<\/strong><br \/>\n\u00c7avu\u015fo\u011flu Mah. Yakac\u0131k Cad. No:128\/4 Kartal \u0130STANBUL<\/p>\n<p><strong>Phone<\/strong><br \/>\n+90 216 518 72 25-26<\/p>\n<p><strong>Fax<\/strong><br \/>\n+90 216 518 69 79<\/p>\n<p><strong>E-Mail<\/strong><br \/>\ninfo@ersel.tc[\/vc_column_text]<div class=\"spacer\" style=\"height: 20px;\"><\/div><h3 class=\"headline font-special fontsize-m fontweight-700 lh-inherit align-left transform-uppercase \" style=\"margin: 0 0 20px 0;\">FOLLOW US<\/h3>[vc_column_text]<div class=\"social-icon social-big\"><a href=\"http:\/\/facebook.com\/erseltechnology\" target=\"_blank\" title=\"\"><i class=\"fa fa-facebook\"><\/i><\/a><\/div><div class=\"social-icon social-big\"><a href=\"http:\/\/twitter.com\/erseltechnology\" target=\"_blank\" title=\"\"><i class=\"fa fa-twitter\"><\/i><\/a><\/div><div class=\"social-icon social-big\"><a href=\"http:\/\/google.com\/\" target=\"_blank\" title=\"\"><i class=\"fa fa-google\"><\/i><\/a><\/div><div class=\"social-icon social-big\"><a href=\"http:\/\/linkedin.com\" target=\"_blank\" title=\"\"><i class=\"fa fa-linkedin\"><\/i><\/a><\/div><div class=\"clear\"><\/div>[\/vc_column_text][\/vc_column][vc_column width=&#8221;3\/4&#8243;]<h3 class=\"headline font-special fontsize-m fontweight-700 lh-inherit align-left transform-uppercase \" style=\"margin: 0 0 20px 0;\">WRITE TO US<\/h3><div role=\"form\" class=\"wpcf7\" id=\"wpcf7-f15165-o2\" lang=\"en-US\" dir=\"ltr\">\n<div class=\"screen-reader-response\"><\/div>\n<form action=\"\/en\/wp-json\/wp\/v2\/pages\/5050#wpcf7-f15165-o2\" method=\"post\" class=\"wpcf7-form\" novalidate=\"novalidate\">\n<div style=\"display: none;\">\n<input type=\"hidden\" name=\"_wpcf7\" value=\"15165\" \/>\n<input type=\"hidden\" name=\"_wpcf7_version\" value=\"5.1.4\" \/>\n<input type=\"hidden\" name=\"_wpcf7_locale\" value=\"en_US\" \/>\n<input type=\"hidden\" name=\"_wpcf7_unit_tag\" value=\"wpcf7-f15165-o2\" \/>\n<input type=\"hidden\" name=\"_wpcf7_container_post\" value=\"0\" \/>\n<input type=\"hidden\" name=\"g-recaptcha-response\" value=\"\" \/>\n<\/div>\n<p>Ad Soyad (*)<br \/>\n    <span class=\"wpcf7-form-control-wrap your-name\"><input type=\"text\" name=\"your-name\" value=\"\" size=\"40\" class=\"wpcf7-form-control wpcf7-text wpcf7-validates-as-required\" aria-required=\"true\" aria-invalid=\"false\" \/><\/span> <\/p>\n<p>E-Posta Adresi (required)<br \/>\n    <span class=\"wpcf7-form-control-wrap your-email\"><input type=\"email\" name=\"your-email\" value=\"\" size=\"40\" class=\"wpcf7-form-control wpcf7-text wpcf7-email wpcf7-validates-as-required wpcf7-validates-as-email\" aria-required=\"true\" aria-invalid=\"false\" \/><\/span> <\/p>\n<p>Konu<br \/>\n    <span class=\"wpcf7-form-control-wrap your-subject\"><input type=\"text\" name=\"your-subject\" value=\"\" size=\"40\" class=\"wpcf7-form-control wpcf7-text\" aria-invalid=\"false\" \/><\/span> <\/p>\n<p>Mesaj\u0131n\u0131z<br \/>\n    <span class=\"wpcf7-form-control-wrap your-message\"><textarea name=\"your-message\" cols=\"40\" rows=\"10\" class=\"wpcf7-form-control wpcf7-textarea\" aria-invalid=\"false\"><\/textarea><\/span> <\/p>\n<p><input type=\"submit\" value=\"G\u00f6nder\" class=\"wpcf7-form-control wpcf7-submit\" \/><\/p>\n<div class=\"wpcf7-response-output wpcf7-display-none\"><\/div><\/form><\/div>[\/vc_column][\/vc_row]<\/p>","protected":false},"excerpt":{"rendered":"<p>[vc_row top_padding=&#8221;60&#8243; bg_position=&#8221;left top&#8221;][vc_column width=&#8221;1\/1&#8243;][vc_column_text][\/vc_column_text][\/vc_column][\/vc_row][vc_row bg_color=&#8221;#ffffff&#8221; section_arrow=&#8221;false&#8221; top_padding=&#8221;60&#8243; bottom_padding=&#8221;60&#8243; bg_position=&#8221;left top&#8221;][vc_column width=&#8221;1\/4&#8243;][vc_column_text]ERSEL TEKNOLOJ\u0130 Sanayi Ve Ticaret Ltd. \u015eti. Adress \u00c7avu\u015fo\u011flu Mah. Yakac\u0131k Cad. No:128\/4 Kartal \u0130STANBUL Phone +90 216 518 72 25-26 Fax +90 216 518 69 79 E-Mail info@ersel.tc[\/vc_column_text][vc_column_text][\/vc_column_text][\/vc_column][vc_column width=&#8221;3\/4&#8243;][\/vc_column][\/vc_row]<\/p>\n","protected":false},"author":1,"featured_media":0,"parent":0,"menu_order":0,"comment_status":"open","ping_status":"closed","template":"","meta":{"spay_email":""},"_links":{"self":[{"href":"https:\/\/www.ersel.tc\/en\/wp-json\/wp\/v2\/pages\/5050"}],"collection":[{"href":"https:\/\/www.ersel.tc\/en\/wp-json\/wp\/v2\/pages"}],"about":[{"href":"https:\/\/www.ersel.tc\/en\/wp-json\/wp\/v2\/types\/page"}],"author":[{"embeddable":true,"href":"https:\/\/www.ersel.tc\/en\/wp-json\/wp\/v2\/users\/1"}],"replies":[{"embeddable":true,"href":"https:\/\/www.ersel.tc\/en\/wp-json\/wp\/v2\/comments?post=5050"}],"version-history":[{"count":12,"href":"https:\/\/www.ersel.tc\/en\/wp-json\/wp\/v2\/pages\/5050\/revisions"}],"predecessor-version":[{"id":16193,"href":"https:\/\/www.ersel.tc\/en\/wp-json\/wp\/v2\/pages\/5050\/revisions\/16193"}],"wp:attachment":[{"href":"https:\/\/www.ersel.tc\/en\/wp-json\/wp\/v2\/media?parent=5050"}],"curies":[{"name":"wp","href":"https:\/\/api.w.org\/{rel}","templated":true}]}}